{"id":36111,"date":"2015-08-31T14:12:50","date_gmt":"2015-08-31T14:12:50","guid":{"rendered":"https:\/\/www.hcsd.de\/en\/verfuegbarkeit\/"},"modified":"2024-05-08T11:56:32","modified_gmt":"2024-05-08T09:56:32","slug":"verfuegbarkeit","status":"publish","type":"page","link":"https:\/\/www.hcsd.de\/en\/verfuegbarkeit\/","title":{"rendered":"Availability"},"content":{"rendered":"<div class=\"wpb-content-wrapper\"><p>[vc_row][vc_column][vc_column_text]Als Freiberufler verf\u00fcge ich nur \u00fcber beschr\u00e4nkte Kapazit\u00e4ten. Es kommt deshalb vor, dass ich bereits in einem Projekt engagiert bin und vor\u00fcbergehend nicht oder nur eingeschr\u00e4nkt neue Aufgaben \u00fcbernehmen kann.<\/p>\n<p>An dieser Stelle erfahren Sie immer, ob oder ab wann ich wieder freie Kapazit\u00e4ten habe \u2013 selbstverst\u00e4ndlich auch im Vor-Ort-Einsatz bei Ihnen:[\/vc_column_text][vc_empty_space height=&#8221;50px&#8221;]<div class=\"aio-icon-component    style_1\"><div id=\"Info-box-wrap-1932\" class=\"aio-icon-box default-icon\" style=\"\"  ><div class=\"aio-icon-default\"><div class=\"ult-just-icon-wrapper  \"><div class=\"align-icon\" style=\"text-align:center;\">\n<div class=\"aio-icon none \"  style=\"color:#333;font-size:32px;display:inline-block;\">\n\t<i class=\"Defaults-calendar-o\"><\/i>\n<\/div><\/div><\/div><\/div><div class=\"aio-icon-header\" ><h3 class=\"aio-icon-title ult-responsive\"  data-ultimate-target='#Info-box-wrap-1932 .aio-icon-title'  data-responsive-json-new='{\"font-size\":\"\",\"line-height\":\"\"}'  style=\"\">Verf\u00fcgbar ab 1. Juni 2024 zu 100 Prozent<\/h3><\/div> <!-- header --><\/div> <!-- aio-icon-box --><\/div> <!-- aio-icon-component -->[vc_empty_space height=&#8221;20px&#8221;][vc_column_text]<\/p>\n<p>Bitte senden Sie mir eine <a href=\"mailto:info@hcsd.de?subject=Verf\u00fcgbarkeit\">E-Mail<\/a>, wenn ich Sie \u00fcber \u00c4nderungen an meiner Verf\u00fcgbarkeit oder meinem Profil informieren soll.<\/p>\n<p>[\/vc_column_text][vc_empty_space height=&#8221;20px&#8221;][\/vc_column][\/vc_row][vc_row bg_type=&#8221;bg_color&#8221; bg_color_value=&#8221;#e5e5e5&#8243;][vc_column][vc_empty_space height=&#8221;50px&#8221;][vc_column_text]<\/p>\n<p>H\u00e4ufig stehe ich auch w\u00e4hrend eines l\u00e4ngerfristig laufenden Projekts f\u00fcr kurzfristige Eins\u00e4tze mit einer Laufzeit von wenigen Tagen zur Verf\u00fcgung. Bei Interesse nehmen Sie bitte\u00a0<a href=\"https:\/\/www.hcsd.de\/wp\/kontakt\/\">Kontakt<\/a>\u00a0mit mir auf.<\/p>\n<p>[\/vc_column_text][vc_empty_space height=&#8221;50px&#8221;][\/vc_column][\/vc_row]<\/p>\n<\/div>","protected":false},"excerpt":{"rendered":"<p>[vc_row][vc_column][vc_column_text]Als Freiberufler verf\u00fcge ich nur \u00fcber beschr\u00e4nkte Kapazit\u00e4ten. Es kommt deshalb vor, dass ich bereits in einem Projekt engagiert bin und vor\u00fcbergehend nicht oder nur eingeschr\u00e4nkt neue Aufgaben \u00fcbernehmen kann. An dieser Stelle erfahren Sie immer, ob oder ab wann ich wieder freie Kapazit\u00e4ten habe \u2013 selbstverst\u00e4ndlich auch im Vor-Ort-Einsatz bei Ihnen:[\/vc_column_text][vc_empty_space height=&#8221;50px&#8221;][vc_empty_space height=&#8221;20px&#8221;][vc_column_text] Bitte&hellip;<\/p>\n","protected":false},"author":4,"featured_media":0,"parent":0,"menu_order":0,"comment_status":"closed","ping_status":"closed","template":"","meta":{"inline_featured_image":false,"ep_exclude_from_search":false,"footnotes":""},"class_list":["post-36111","page","type-page","status-publish","hentry","description-off"],"_links":{"self":[{"href":"https:\/\/www.hcsd.de\/en\/wp-json\/wp\/v2\/pages\/36111","targetHints":{"allow":["GET"]}}],"collection":[{"href":"https:\/\/www.hcsd.de\/en\/wp-json\/wp\/v2\/pages"}],"about":[{"href":"https:\/\/www.hcsd.de\/en\/wp-json\/wp\/v2\/types\/page"}],"author":[{"embeddable":true,"href":"https:\/\/www.hcsd.de\/en\/wp-json\/wp\/v2\/users\/4"}],"replies":[{"embeddable":true,"href":"https:\/\/www.hcsd.de\/en\/wp-json\/wp\/v2\/comments?post=36111"}],"version-history":[{"count":18,"href":"https:\/\/www.hcsd.de\/en\/wp-json\/wp\/v2\/pages\/36111\/revisions"}],"predecessor-version":[{"id":36302,"href":"https:\/\/www.hcsd.de\/en\/wp-json\/wp\/v2\/pages\/36111\/revisions\/36302"}],"wp:attachment":[{"href":"https:\/\/www.hcsd.de\/en\/wp-json\/wp\/v2\/media?parent=36111"}],"curies":[{"name":"wp","href":"https:\/\/api.w.org\/{rel}","templated":true}]}}