{"id":36160,"date":"2015-10-29T11:03:23","date_gmt":"2015-10-29T10:03:23","guid":{"rendered":"https:\/\/www.hcsd.de\/en\/referenzen\/"},"modified":"2016-02-01T11:08:10","modified_gmt":"2016-02-01T10:08:10","slug":"references","status":"publish","type":"page","link":"https:\/\/www.hcsd.de\/en\/references\/","title":{"rendered":"References"},"content":{"rendered":"<div class=\"wpb-content-wrapper\"><p>[vc_row][vc_column]<div class=\"wf-container loading-effect-none iso-container\" data-padding=\"20px\" data-cur-page=\"1\" data-width=\"370px\" data-columns=\"2\">\n<div class=\"wf-cell iso-item\" data-post-id=\"36163\" data-date=\"2016-01-25T14:33:31+01:00\" data-name=\"Feedback von einem Kunden-Workshop\">\n\t<div class=\"testimonial-item\">\n\t\t<article>\n\t<div class=\"testimonial-content\">\n\t\t<p>Besonders positiv ist die technische L\u00f6sungskompetenz von Stephan Austerm\u00fchle [\u2026] aufgefallen.<\/p>\n<p>(Wolfsburg, Februar 2015)<\/p>\n\t<\/div>\n\t<div class=\"testimonial-vcard\">\n\t\t<div class=\"testimonial-thumbnail\">\n\t\t\t<span class=\"alignleft no-avatar\"><svg version=\"1.1\" id=\"Layer_1\" xmlns=\"http:\/\/www.w3.org\/2000\/svg\" xmlns:xlink=\"http:\/\/www.w3.org\/1999\/xlink\" x=\"0px\" y=\"0px\"\n\t viewBox=\"0 0 16 16\" style=\"enable-background:new 0 0 16 16;\" xml:space=\"preserve\"><path d=\"M8,8c2.2,0,4-1.8,4-4s-1.8-4-4-4S4,1.8,4,4S5.8,8,8,8z M8,10c-2.7,0-8,1.3-8,4v1c0,0.5,0.4,1,1,1h14c0.5,0,1-0.5,1-1v-1\n\tC16,11.3,10.7,10,8,10z\"\/><\/svg><\/span>\t\t<\/div>\n\t\t<div class=\"testimonial-desc\">\n\t\t\t<span class=\"text-primary\">Feedback von einem Kunden-Workshop<\/span>\t\t<\/div>\n\t<\/div>\n<\/article>\n\t<\/div>\n\n<\/div>\n<div class=\"wf-cell iso-item\" data-post-id=\"36167\" data-date=\"2016-01-25T14:41:25+01:00\" data-name=\"Referenz durch Engagement Manager Central Europe (Frankfurt, Januar 2016)\">\n\t<div class=\"testimonial-item\">\n\t\t<article>\n\t<div class=\"testimonial-content\">\n\t\t<p>Herr Austerm\u00fchle f\u00fcgte sich nahtlos in das Projektteam ein und wurde binnen k\u00fcrzester Zeit der von allen Projektmitgliedern gesch\u00e4tzte technische Hauptansprechpartner, sein Engagement und seine sowohl technischen als auch kommunikativen F\u00e4higkeiten sind herausragend.<\/p>\n\t<\/div>\n\t<div class=\"testimonial-vcard\">\n\t\t<div class=\"testimonial-thumbnail\">\n\t\t\t<span class=\"alignleft no-avatar\"><svg version=\"1.1\" id=\"Layer_1\" xmlns=\"http:\/\/www.w3.org\/2000\/svg\" xmlns:xlink=\"http:\/\/www.w3.org\/1999\/xlink\" x=\"0px\" y=\"0px\"\n\t viewBox=\"0 0 16 16\" style=\"enable-background:new 0 0 16 16;\" xml:space=\"preserve\"><path d=\"M8,8c2.2,0,4-1.8,4-4s-1.8-4-4-4S4,1.8,4,4S5.8,8,8,8z M8,10c-2.7,0-8,1.3-8,4v1c0,0.5,0.4,1,1,1h14c0.5,0,1-0.5,1-1v-1\n\tC16,11.3,10.7,10,8,10z\"\/><\/svg><\/span>\t\t<\/div>\n\t\t<div class=\"testimonial-desc\">\n\t\t\t<span class=\"text-primary\">Referenz durch Engagement Manager Central Europe (Frankfurt, Januar 2016)<\/span>\t\t<\/div>\n\t<\/div>\n<\/article>\n\t<\/div>\n\n<\/div>\n<div class=\"wf-cell iso-item\" data-post-id=\"36168\" data-date=\"2016-01-25T14:45:16+01:00\" data-name=\"Referenz \u2013 Projektleiter einer Versicherung\">\n\t<div class=\"testimonial-item\">\n\t\t<article>\n\t<div class=\"testimonial-content\">\n\t\t<p>Er hat durch sein vielseitiges Fachwissen im Securitybereich einen hohen Beitrag zur Sicherheit unserer Systeme geleistet.<br \/>\n(Wiesbaden, M\u00e4rz 2000)<\/p>\n\t<\/div>\n\t<div class=\"testimonial-vcard\">\n\t\t<div class=\"testimonial-thumbnail\">\n\t\t\t<span class=\"alignleft no-avatar\"><svg version=\"1.1\" id=\"Layer_1\" xmlns=\"http:\/\/www.w3.org\/2000\/svg\" xmlns:xlink=\"http:\/\/www.w3.org\/1999\/xlink\" x=\"0px\" y=\"0px\"\n\t viewBox=\"0 0 16 16\" style=\"enable-background:new 0 0 16 16;\" xml:space=\"preserve\"><path d=\"M8,8c2.2,0,4-1.8,4-4s-1.8-4-4-4S4,1.8,4,4S5.8,8,8,8z M8,10c-2.7,0-8,1.3-8,4v1c0,0.5,0.4,1,1,1h14c0.5,0,1-0.5,1-1v-1\n\tC16,11.3,10.7,10,8,10z\"\/><\/svg><\/span>\t\t<\/div>\n\t\t<div class=\"testimonial-desc\">\n\t\t\t<span class=\"text-primary\">Referenz \u2013 Projektleiter einer Versicherung<\/span>\t\t<\/div>\n\t<\/div>\n<\/article>\n\t<\/div>\n\n<\/div>\n<div class=\"wf-cell iso-item\" data-post-id=\"36169\" data-date=\"2016-01-25T14:46:26+01:00\" data-name=\"Referenz \u2013 Leiter Organisation\/Informatik eines Handelsunternehmens\">\n\t<div class=\"testimonial-item\">\n\t\t<article>\n\t<div class=\"testimonial-content\">\n\t\t<p>Sie haben mit Ihrem Einsatz entscheidend zu dem vorbildlichen Ablauf und gro\u00dfartigen Erfolg des Rechenzentrumsumzugs beigetragen und dadurch die [&#8230;] AG vor allen denkbaren negativen Auswirkungen bewahrt.<br \/>\n(K\u00f6ln, April 2001)<\/p>\n\t<\/div>\n\t<div class=\"testimonial-vcard\">\n\t\t<div class=\"testimonial-thumbnail\">\n\t\t\t<span class=\"alignleft no-avatar\"><svg version=\"1.1\" id=\"Layer_1\" xmlns=\"http:\/\/www.w3.org\/2000\/svg\" xmlns:xlink=\"http:\/\/www.w3.org\/1999\/xlink\" x=\"0px\" y=\"0px\"\n\t viewBox=\"0 0 16 16\" style=\"enable-background:new 0 0 16 16;\" xml:space=\"preserve\"><path d=\"M8,8c2.2,0,4-1.8,4-4s-1.8-4-4-4S4,1.8,4,4S5.8,8,8,8z M8,10c-2.7,0-8,1.3-8,4v1c0,0.5,0.4,1,1,1h14c0.5,0,1-0.5,1-1v-1\n\tC16,11.3,10.7,10,8,10z\"\/><\/svg><\/span>\t\t<\/div>\n\t\t<div class=\"testimonial-desc\">\n\t\t\t<span class=\"text-primary\">Referenz \u2013 Leiter Organisation\/Informatik eines Handelsunternehmens<\/span>\t\t<\/div>\n\t<\/div>\n<\/article>\n\t<\/div>\n\n<\/div>\n<div class=\"wf-cell iso-item\" data-post-id=\"36170\" data-date=\"2016-01-25T14:49:09+01:00\" data-name=\"Referenz \u2013 Abteilungsleiter eines weltweit operierenden Handelsunternehmens\">\n\t<div class=\"testimonial-item\">\n\t\t<article>\n\t<div class=\"testimonial-content\">\n\t\t<p>Der herausragende, vielf\u00e4ltige fachliche Sachverstand und die analytische Vorgehensweise des Consultants erm\u00f6glichten ihm die schnelle und zielgerichtete Erledigung von Auftr\u00e4gen.<br \/>\n(D\u00fcsseldorf, Februar 2002)<\/p>\n\t<\/div>\n\t<div class=\"testimonial-vcard\">\n\t\t<div class=\"testimonial-thumbnail\">\n\t\t\t<span class=\"alignleft no-avatar\"><svg version=\"1.1\" id=\"Layer_1\" xmlns=\"http:\/\/www.w3.org\/2000\/svg\" xmlns:xlink=\"http:\/\/www.w3.org\/1999\/xlink\" x=\"0px\" y=\"0px\"\n\t viewBox=\"0 0 16 16\" style=\"enable-background:new 0 0 16 16;\" xml:space=\"preserve\"><path d=\"M8,8c2.2,0,4-1.8,4-4s-1.8-4-4-4S4,1.8,4,4S5.8,8,8,8z M8,10c-2.7,0-8,1.3-8,4v1c0,0.5,0.4,1,1,1h14c0.5,0,1-0.5,1-1v-1\n\tC16,11.3,10.7,10,8,10z\"\/><\/svg><\/span>\t\t<\/div>\n\t\t<div class=\"testimonial-desc\">\n\t\t\t<span class=\"text-primary\">Referenz \u2013 Abteilungsleiter eines weltweit operierenden Handelsunternehmens<\/span>\t\t<\/div>\n\t<\/div>\n<\/article>\n\t<\/div>\n\n<\/div>\n<div class=\"wf-cell iso-item\" data-post-id=\"36171\" data-date=\"2016-01-25T14:51:08+01:00\" data-name=\"Referenz \u2013 Rechenzentrumsleiter eines Medienunternehmens mit 4.600 Mitarbeitern\">\n\t<div class=\"testimonial-item\">\n\t\t<article>\n\t<div class=\"testimonial-content\">\n\t\t<p>Seine Aufgabenerf\u00fcllung war stets problemorientiert, die Qualit\u00e4t seiner geleisteten Arbeit war immer hervorragend.<br \/>\n(K\u00f6ln, Juli 2005)<\/p>\n\t<\/div>\n\t<div class=\"testimonial-vcard\">\n\t\t<div class=\"testimonial-thumbnail\">\n\t\t\t<span class=\"alignleft no-avatar\"><svg version=\"1.1\" id=\"Layer_1\" xmlns=\"http:\/\/www.w3.org\/2000\/svg\" xmlns:xlink=\"http:\/\/www.w3.org\/1999\/xlink\" x=\"0px\" y=\"0px\"\n\t viewBox=\"0 0 16 16\" style=\"enable-background:new 0 0 16 16;\" xml:space=\"preserve\"><path d=\"M8,8c2.2,0,4-1.8,4-4s-1.8-4-4-4S4,1.8,4,4S5.8,8,8,8z M8,10c-2.7,0-8,1.3-8,4v1c0,0.5,0.4,1,1,1h14c0.5,0,1-0.5,1-1v-1\n\tC16,11.3,10.7,10,8,10z\"\/><\/svg><\/span>\t\t<\/div>\n\t\t<div class=\"testimonial-desc\">\n\t\t\t<span class=\"text-primary\">Referenz \u2013 Rechenzentrumsleiter eines Medienunternehmens mit 4.600 Mitarbeitern<\/span>\t\t<\/div>\n\t<\/div>\n<\/article>\n\t<\/div>\n\n<\/div>\n<div class=\"wf-cell iso-item\" data-post-id=\"36172\" data-date=\"2016-01-25T14:53:04+01:00\" data-name=\"Referenz \u2013 Teamleiter eines global agierenden Hosting-Dienstleisters im SAP-Umfeld mit 800 Mitarbeitern\">\n\t<div class=\"testimonial-item\">\n\t\t<article>\n\t<div class=\"testimonial-content\">\n\t\t<p>Der Consultant hat immer vorbildliche Arbeit geleistet.<br \/>\n(St. Leon-Rot, November 2007)<\/p>\n\t<\/div>\n\t<div class=\"testimonial-vcard\">\n\t\t<div class=\"testimonial-thumbnail\">\n\t\t\t<span class=\"alignleft no-avatar\"><svg version=\"1.1\" id=\"Layer_1\" xmlns=\"http:\/\/www.w3.org\/2000\/svg\" xmlns:xlink=\"http:\/\/www.w3.org\/1999\/xlink\" x=\"0px\" y=\"0px\"\n\t viewBox=\"0 0 16 16\" style=\"enable-background:new 0 0 16 16;\" xml:space=\"preserve\"><path d=\"M8,8c2.2,0,4-1.8,4-4s-1.8-4-4-4S4,1.8,4,4S5.8,8,8,8z M8,10c-2.7,0-8,1.3-8,4v1c0,0.5,0.4,1,1,1h14c0.5,0,1-0.5,1-1v-1\n\tC16,11.3,10.7,10,8,10z\"\/><\/svg><\/span>\t\t<\/div>\n\t\t<div class=\"testimonial-desc\">\n\t\t\t<span class=\"text-primary\">Referenz \u2013 Teamleiter eines global agierenden Hosting-Dienstleisters im SAP-Umfeld mit 800 Mitarbeitern<\/span>\t\t<\/div>\n\t<\/div>\n<\/article>\n\t<\/div>\n\n<\/div>\n<div class=\"wf-cell iso-item\" data-post-id=\"36173\" data-date=\"2016-01-25T14:53:25+01:00\" data-name=\"Referenz \u2013 Teilprojektleiter einer Versicherung mit 1.000 Mitarbeitern\">\n\t<div class=\"testimonial-item\">\n\t\t<article>\n\t<div class=\"testimonial-content\">\n\t\t<p>Dabei \u00fcberzeugte er durch sein umfassendes Fachwissen und seine zielorientierte Arbeitsweise.<br \/>\n(K\u00f6ln, November 2007)<\/p>\n\t<\/div>\n\t<div class=\"testimonial-vcard\">\n\t\t<div class=\"testimonial-thumbnail\">\n\t\t\t<span class=\"alignleft no-avatar\"><svg version=\"1.1\" id=\"Layer_1\" xmlns=\"http:\/\/www.w3.org\/2000\/svg\" xmlns:xlink=\"http:\/\/www.w3.org\/1999\/xlink\" x=\"0px\" y=\"0px\"\n\t viewBox=\"0 0 16 16\" style=\"enable-background:new 0 0 16 16;\" xml:space=\"preserve\"><path d=\"M8,8c2.2,0,4-1.8,4-4s-1.8-4-4-4S4,1.8,4,4S5.8,8,8,8z M8,10c-2.7,0-8,1.3-8,4v1c0,0.5,0.4,1,1,1h14c0.5,0,1-0.5,1-1v-1\n\tC16,11.3,10.7,10,8,10z\"\/><\/svg><\/span>\t\t<\/div>\n\t\t<div class=\"testimonial-desc\">\n\t\t\t<span class=\"text-primary\">Referenz \u2013 Teilprojektleiter einer Versicherung mit 1.000 Mitarbeitern<\/span>\t\t<\/div>\n\t<\/div>\n<\/article>\n\t<\/div>\n\n<\/div>\n<div class=\"wf-cell iso-item\" data-post-id=\"36174\" data-date=\"2016-01-25T14:54:17+01:00\" data-name=\"Referenz \u2013 Service Manager, Fujitsu Technoloy Solutions GmbH\">\n\t<div class=\"testimonial-item\">\n\t\t<article>\n\t<div class=\"testimonial-content\">\n\t\t<p>Der Consultant zeichnete sich w\u00e4hrend und au\u00dferhalb der normalen Arbeitszeiten durch \u00fcberdurchschnittliche Einsatzbereitschaft, hohe Flexibilit\u00e4t und Motivation aus.<br \/>\n(St. Leon-Rot, April 2009)<\/p>\n\t<\/div>\n\t<div class=\"testimonial-vcard\">\n\t\t<div class=\"testimonial-thumbnail\">\n\t\t\t<span class=\"alignleft no-avatar\"><svg version=\"1.1\" id=\"Layer_1\" xmlns=\"http:\/\/www.w3.org\/2000\/svg\" xmlns:xlink=\"http:\/\/www.w3.org\/1999\/xlink\" x=\"0px\" y=\"0px\"\n\t viewBox=\"0 0 16 16\" style=\"enable-background:new 0 0 16 16;\" xml:space=\"preserve\"><path d=\"M8,8c2.2,0,4-1.8,4-4s-1.8-4-4-4S4,1.8,4,4S5.8,8,8,8z M8,10c-2.7,0-8,1.3-8,4v1c0,0.5,0.4,1,1,1h14c0.5,0,1-0.5,1-1v-1\n\tC16,11.3,10.7,10,8,10z\"\/><\/svg><\/span>\t\t<\/div>\n\t\t<div class=\"testimonial-desc\">\n\t\t\t<span class=\"text-primary\">Referenz \u2013 Service Manager, Fujitsu Technoloy Solutions GmbH<\/span>\t\t<\/div>\n\t<\/div>\n<\/article>\n\t<\/div>\n\n<\/div>\n<div class=\"wf-cell iso-item\" data-post-id=\"36175\" data-date=\"2016-01-25T14:55:11+01:00\" data-name=\"Referenz \u2013 Senior Architekt (Verantwortlich Aufbau RZ), Frankfurter Beratungshaus mit internationaler Pr\u00e4senz\">\n\t<div class=\"testimonial-item\">\n\t\t<article>\n\t<div class=\"testimonial-content\">\n\t\t<p>Durch seine hohe fachliche Kompetenz und seine verbindliche Art erwarb er sich in kurzer Zeit die Wertsch\u00e4tzung des Kunden und sicherte aus einer schwierigen Ausgangssituation heraus den Erfolg des Teilprojekts.<br \/>\n(D\u00fcsseldorf, Oktober 2010)<\/p>\n\t<\/div>\n\t<div class=\"testimonial-vcard\">\n\t\t<div class=\"testimonial-thumbnail\">\n\t\t\t<span class=\"alignleft no-avatar\"><svg version=\"1.1\" id=\"Layer_1\" xmlns=\"http:\/\/www.w3.org\/2000\/svg\" xmlns:xlink=\"http:\/\/www.w3.org\/1999\/xlink\" x=\"0px\" y=\"0px\"\n\t viewBox=\"0 0 16 16\" style=\"enable-background:new 0 0 16 16;\" xml:space=\"preserve\"><path d=\"M8,8c2.2,0,4-1.8,4-4s-1.8-4-4-4S4,1.8,4,4S5.8,8,8,8z M8,10c-2.7,0-8,1.3-8,4v1c0,0.5,0.4,1,1,1h14c0.5,0,1-0.5,1-1v-1\n\tC16,11.3,10.7,10,8,10z\"\/><\/svg><\/span>\t\t<\/div>\n\t\t<div class=\"testimonial-desc\">\n\t\t\t<span class=\"text-primary\">Referenz \u2013 Senior Architekt (Verantwortlich Aufbau RZ), Frankfurter Beratungshaus mit internationaler Pr\u00e4senz<\/span>\t\t<\/div>\n\t<\/div>\n<\/article>\n\t<\/div>\n\n<\/div>\n<div class=\"wf-cell iso-item\" data-post-id=\"36176\" data-date=\"2016-01-25T14:55:44+01:00\" data-name=\"Referenz \u2013 Teamleitung einer K\u00f6rperschaft mit 1.600 Mitarbeitern\">\n\t<div class=\"testimonial-item\">\n\t\t<article>\n\t<div class=\"testimonial-content\">\n\t\t<p>Seine Arbeitsweise war hierbei zu jedem Zeitpunkt gekennzeichnet von hoher Professionalit\u00e4t und einer sehr strukturierten Vorgehensweise.<br \/>\n(M\u00fcnchen, April 2014)<\/p>\n\t<\/div>\n\t<div class=\"testimonial-vcard\">\n\t\t<div class=\"testimonial-thumbnail\">\n\t\t\t<span class=\"alignleft no-avatar\"><svg version=\"1.1\" id=\"Layer_1\" xmlns=\"http:\/\/www.w3.org\/2000\/svg\" xmlns:xlink=\"http:\/\/www.w3.org\/1999\/xlink\" x=\"0px\" y=\"0px\"\n\t viewBox=\"0 0 16 16\" style=\"enable-background:new 0 0 16 16;\" xml:space=\"preserve\"><path d=\"M8,8c2.2,0,4-1.8,4-4s-1.8-4-4-4S4,1.8,4,4S5.8,8,8,8z M8,10c-2.7,0-8,1.3-8,4v1c0,0.5,0.4,1,1,1h14c0.5,0,1-0.5,1-1v-1\n\tC16,11.3,10.7,10,8,10z\"\/><\/svg><\/span>\t\t<\/div>\n\t\t<div class=\"testimonial-desc\">\n\t\t\t<span class=\"text-primary\">Referenz \u2013 Teamleitung einer K\u00f6rperschaft mit 1.600 Mitarbeitern<\/span>\t\t<\/div>\n\t<\/div>\n<\/article>\n\t<\/div>\n\n<\/div>\n<div class=\"wf-cell iso-item\" data-post-id=\"36177\" data-date=\"2016-01-25T14:56:07+01:00\" data-name=\"Referenz \u2013 Senior IT Architect, IBM Deutschland GmbH\">\n\t<div class=\"testimonial-item\">\n\t\t<article>\n\t<div class=\"testimonial-content\">\n\t\t<p>Ohne seinen Einsatz w\u00e4re die vorgesehene Umsetzungsfrist nicht zu halten gewesen.<br \/>\n(M\u00fcnchen, Dezember 2014)<\/p>\n\t<\/div>\n\t<div class=\"testimonial-vcard\">\n\t\t<div class=\"testimonial-thumbnail\">\n\t\t\t<span class=\"alignleft no-avatar\"><svg version=\"1.1\" id=\"Layer_1\" xmlns=\"http:\/\/www.w3.org\/2000\/svg\" xmlns:xlink=\"http:\/\/www.w3.org\/1999\/xlink\" x=\"0px\" y=\"0px\"\n\t viewBox=\"0 0 16 16\" style=\"enable-background:new 0 0 16 16;\" xml:space=\"preserve\"><path d=\"M8,8c2.2,0,4-1.8,4-4s-1.8-4-4-4S4,1.8,4,4S5.8,8,8,8z M8,10c-2.7,0-8,1.3-8,4v1c0,0.5,0.4,1,1,1h14c0.5,0,1-0.5,1-1v-1\n\tC16,11.3,10.7,10,8,10z\"\/><\/svg><\/span>\t\t<\/div>\n\t\t<div class=\"testimonial-desc\">\n\t\t\t<span class=\"text-primary\">Referenz \u2013 Senior IT Architect, IBM Deutschland GmbH<\/span>\t\t<\/div>\n\t<\/div>\n<\/article>\n\t<\/div>\n\n<\/div><\/div>[vc_empty_space height=&#8221;30px&#8221;][\/vc_column][\/vc_row][vc_row margin_top=&#8221;44&#8243; margin_bottom=&#8221;-56&#8243; full_width_padding_left=&#8221;40&#8243; full_width_padding_right=&#8221;40&#8243; full_width_margin_top=&#8221;0&#8243; full_width_margin_bottom=&#8221;0&#8243;][vc_column width=&#8221;1\/2&#8243; offset=&#8221;vc_col-lg-3 vc_col-md-3 vc_col-xs-12&#8243;]<section class=\"shortcode-teaser img-full frame-fancy frame-on fadeIn animate-element\"><div class=\"shortcode-teaser-content text-big\"><div class=\"gap\" style=\"line-height: 20px; height: 20px;\"><\/div>[vc_pie value=&#8221;18&#8243; color_mode=&#8221;title_like&#8221; color=&#8221;#ffffff&#8221; appearance=&#8221;counter&#8221; label_value=&#8221;18&#8243;]<\/p>\n<h5 style=\"text-align: center;\">Years<\/h5>\n<\/div><\/section>[vc_empty_space height=&#8221;44px&#8221;][\/vc_column][vc_column width=&#8221;1\/2&#8243; offset=&#8221;vc_col-lg-3 vc_col-md-3 vc_col-xs-12&#8243;]<section class=\"shortcode-teaser img-full frame-fancy frame-on fadeIn animate-element\"><div class=\"shortcode-teaser-content text-big\"><div class=\"gap\" style=\"line-height: 20px; height: 20px;\"><\/div>[vc_pie value=&#8221;19&#8243; color_mode=&#8221;title_like&#8221; color=&#8221;#ffffff&#8221; appearance=&#8221;counter&#8221; label_value=&#8221;22&#8243;]<\/p>\n<h5 style=\"text-align: center;\">Customers<\/h5>\n<\/div><\/section>[vc_empty_space height=&#8221;44px&#8221;][\/vc_column][vc_column width=&#8221;1\/2&#8243; offset=&#8221;vc_col-lg-3 vc_col-md-3 vc_col-xs-12&#8243;]<section class=\"shortcode-teaser img-full frame-fancy frame-on fadeIn animate-element\"><div class=\"shortcode-teaser-content text-big\"><div class=\"gap\" style=\"line-height: 20px; height: 20px;\"><\/div>[vc_pie value=&#8221;31&#8243; color_mode=&#8221;title_like&#8221; color=&#8221;#ffffff&#8221; appearance=&#8221;counter&#8221; label_value=&#8221;27&#8243;]<\/p>\n<h5 style=\"text-align: center;\">Projects<\/h5>\n<\/div><\/section>[vc_empty_space height=&#8221;44px&#8221;][\/vc_column][vc_column width=&#8221;1\/2&#8243; offset=&#8221;vc_col-lg-3 vc_col-md-3 vc_col-xs-12&#8243;]<section class=\"shortcode-teaser img-full frame-fancy frame-on fadeIn animate-element\"><div class=\"shortcode-teaser-content text-big\"><div class=\"gap\" style=\"line-height: 20px; height: 20px;\"><\/div>[vc_pie value=&#8221;12&#8243; color_mode=&#8221;title_like&#8221; color=&#8221;#ffffff&#8221; appearance=&#8221;counter&#8221; label_value=&#8221;12&#8243;]<\/p>\n<h5 style=\"text-align: center;\">Sectors<\/h5>\n<\/div><\/section>[vc_empty_space height=&#8221;44px&#8221;][\/vc_column][\/vc_row]<\/p>\n<\/div>","protected":false},"excerpt":{"rendered":"<p>[vc_row][vc_column][vc_empty_space height=&#8221;30px&#8221;][\/vc_column][\/vc_row][vc_row margin_top=&#8221;44&#8243; margin_bottom=&#8221;-56&#8243; full_width_padding_left=&#8221;40&#8243; full_width_padding_right=&#8221;40&#8243; full_width_margin_top=&#8221;0&#8243; full_width_margin_bottom=&#8221;0&#8243;][vc_column width=&#8221;1\/2&#8243; offset=&#8221;vc_col-lg-3 vc_col-md-3 vc_col-xs-12&#8243;][vc_empty_space height=&#8221;44px&#8221;][\/vc_column][vc_column width=&#8221;1\/2&#8243; offset=&#8221;vc_col-lg-3 vc_col-md-3 vc_col-xs-12&#8243;][vc_empty_space height=&#8221;44px&#8221;][\/vc_column][vc_column width=&#8221;1\/2&#8243; offset=&#8221;vc_col-lg-3 vc_col-md-3 vc_col-xs-12&#8243;][vc_empty_space height=&#8221;44px&#8221;][\/vc_column][vc_column width=&#8221;1\/2&#8243; offset=&#8221;vc_col-lg-3 vc_col-md-3 vc_col-xs-12&#8243;][vc_empty_space height=&#8221;44px&#8221;][\/vc_column][\/vc_row]<\/p>\n","protected":false},"author":4,"featured_media":0,"parent":0,"menu_order":0,"comment_status":"closed","ping_status":"closed","template":"","meta":{"inline_featured_image":false,"ep_exclude_from_search":false,"footnotes":""},"class_list":["post-36160","page","type-page","status-publish","hentry","description-off"],"_links":{"self":[{"href":"https:\/\/www.hcsd.de\/en\/wp-json\/wp\/v2\/pages\/36160","targetHints":{"allow":["GET"]}}],"collection":[{"href":"https:\/\/www.hcsd.de\/en\/wp-json\/wp\/v2\/pages"}],"about":[{"href":"https:\/\/www.hcsd.de\/en\/wp-json\/wp\/v2\/types\/page"}],"author":[{"embeddable":true,"href":"https:\/\/www.hcsd.de\/en\/wp-json\/wp\/v2\/users\/4"}],"replies":[{"embeddable":true,"href":"https:\/\/www.hcsd.de\/en\/wp-json\/wp\/v2\/comments?post=36160"}],"version-history":[{"count":3,"href":"https:\/\/www.hcsd.de\/en\/wp-json\/wp\/v2\/pages\/36160\/revisions"}],"predecessor-version":[{"id":36165,"href":"https:\/\/www.hcsd.de\/en\/wp-json\/wp\/v2\/pages\/36160\/revisions\/36165"}],"wp:attachment":[{"href":"https:\/\/www.hcsd.de\/en\/wp-json\/wp\/v2\/media?parent=36160"}],"curies":[{"name":"wp","href":"https:\/\/api.w.org\/{rel}","templated":true}]}}